{"id":49,"date":"2020-04-10T18:11:40","date_gmt":"2020-04-10T18:11:40","guid":{"rendered":"https:\/\/2020.doktagung.de\/?page_id=49"},"modified":"2021-04-07T15:25:44","modified_gmt":"2021-04-07T15:25:44","slug":"archiv","status":"publish","type":"page","link":"https:\/\/2020.doktagung.de\/?page_id=49","title":{"rendered":"Archiv"},"content":{"rendered":"\t\t<div data-elementor-type=\"wp-page\" data-elementor-id=\"49\" class=\"elementor elementor-49\" data-elementor-settings=\"[]\">\n\t\t\t\t\t\t<div class=\"elementor-inner\">\n\t\t\t\t\t\t\t<div class=\"elementor-section-wrap\">\n\t\t\t\t\t\t\t<section class=\"elementor-section elementor-top-section elementor-element elementor-element-8c0bb94 elementor-section-stretched elementor-section-full_width elementor-section-height-full elementor-section-height-default elementor-section-items-middle\" data-id=\"8c0bb94\" data-element_type=\"section\" data-settings=\"{&quot;stretch_section&quot;:&quot;section-stretched&quot;,&quot;background_background&quot;:&quot;classic&quot;}\">\n\t\t\t\t\t\t<div class=\"elementor-container elementor-column-gap-default\">\n\t\t\t\t\t\t\t<div class=\"elementor-row\">\n\t\t\t\t\t<div class=\"elementor-column elementor-col-100 elementor-top-column elementor-element elementor-element-110fa8e\" data-id=\"110fa8e\" data-element_type=\"column\">\n\t\t\t<div class=\"elementor-column-wrap elementor-element-populated\">\n\t\t\t\t\t\t\t<div class=\"elementor-widget-wrap\">\n\t\t\t\t\t\t<div class=\"elementor-element elementor-element-d996e7c elementor-widget elementor-widget-text-editor\" data-id=\"d996e7c\" data-element_type=\"widget\" data-widget_type=\"text-editor.default\">\n\t\t\t\t<div class=\"elementor-widget-container\">\n\t\t\t\t\t<div class=\"elementor-text-editor elementor-clearfix\"><\/div>\n\t\t\t\t<\/div>\n\t\t\t\t<\/div>\n\t\t\t\t<div class=\"elementor-element elementor-element-74ad65c elementor-widget elementor-widget-heading\" data-id=\"74ad65c\" data-element_type=\"widget\" data-widget_type=\"heading.default\">\n\t\t\t\t<div class=\"elementor-widget-container\">\n\t\t\t<h2 class=\"elementor-heading-title elementor-size-default\">Archiv<\/h2>\t\t<\/div>\n\t\t\t\t<\/div>\n\t\t\t\t\t\t<\/div>\n\t\t\t\t\t<\/div>\n\t\t<\/div>\n\t\t\t\t\t\t\t\t<\/div>\n\t\t\t\t\t<\/div>\n\t\t<\/section>\n\t\t\t\t<section class=\"elementor-section elementor-top-section elementor-element elementor-element-2519aa4 elementor-section-boxed elementor-section-height-default elementor-section-height-default\" data-id=\"2519aa4\" data-element_type=\"section\">\n\t\t\t\t\t\t<div class=\"elementor-container elementor-column-gap-default\">\n\t\t\t\t\t\t\t<div class=\"elementor-row\">\n\t\t\t\t\t<div class=\"elementor-column elementor-col-100 elementor-top-column elementor-element elementor-element-94952bc\" data-id=\"94952bc\" data-element_type=\"column\">\n\t\t\t<div class=\"elementor-column-wrap elementor-element-populated\">\n\t\t\t\t\t\t\t<div class=\"elementor-widget-wrap\">\n\t\t\t\t\t\t<div class=\"elementor-element elementor-element-462877c elementor-widget-divider--view-line elementor-widget elementor-widget-divider\" data-id=\"462877c\" data-element_type=\"widget\" data-widget_type=\"divider.default\">\n\t\t\t\t<div class=\"elementor-widget-container\">\n\t\t\t\t\t<div class=\"elementor-divider\">\n\t\t\t<span class=\"elementor-divider-separator\">\n\t\t\t\t\t\t<\/span>\n\t\t<\/div>\n\t\t\t\t<\/div>\n\t\t\t\t<\/div>\n\t\t\t\t\t\t<\/div>\n\t\t\t\t\t<\/div>\n\t\t<\/div>\n\t\t\t\t\t\t\t\t<\/div>\n\t\t\t\t\t<\/div>\n\t\t<\/section>\n\t\t\t\t<section class=\"elementor-section elementor-top-section elementor-element elementor-element-6ec3a29 elementor-section-boxed elementor-section-height-default elementor-section-height-default\" data-id=\"6ec3a29\" data-element_type=\"section\">\n\t\t\t\t\t\t<div class=\"elementor-container elementor-column-gap-default\">\n\t\t\t\t\t\t\t<div class=\"elementor-row\">\n\t\t\t\t\t<div class=\"elementor-column elementor-col-100 elementor-top-column elementor-element elementor-element-52d9199\" data-id=\"52d9199\" data-element_type=\"column\">\n\t\t\t<div class=\"elementor-column-wrap elementor-element-populated\">\n\t\t\t\t\t\t\t<div class=\"elementor-widget-wrap\">\n\t\t\t\t\t\t<div class=\"elementor-element elementor-element-295c055 elementor-widget elementor-widget-text-editor\" data-id=\"295c055\" data-element_type=\"widget\" data-widget_type=\"text-editor.default\">\n\t\t\t\t<div class=\"elementor-widget-container\">\n\t\t\t\t\t<div class=\"elementor-text-editor elementor-clearfix\"><header style=\"box-sizing: inherit; float: left; width: 325.4375px;\"><h1 style=\"box-sizing: inherit;\">Archiv:<\/h1><\/header><div style=\"box-sizing: inherit; float: right; width: 524.3125px;\"><p style=\"box-sizing: inherit;\">Die Promovierenden des Vielnamenfaches Kulturanthropologie\/Europ\u00e4ische Ethnologie\/Empirische Kulturwissenschaften\/Volkskunde\/etc. k\u00f6nnen bereits auf zahlreiche fr\u00fchere dgv-Doktorand*innen-Tagungen zur\u00fcck blicken:<\/p><p style=\"box-sizing: inherit;\"><span style=\"box-sizing: inherit;\"><span style=\"box-sizing: inherit;\"><span style=\"font-weight: bold;\">2019 ~<\/span><a href=\"https:\/\/2019.doktagung.de\/wordpress\/\"><u>14. dgv-Doktorand*innentagung<\/u><\/a> in Innsbruck und Obergurgl<\/span><br \/><\/span><\/p><p style=\"box-sizing: inherit;\"><span style=\"box-sizing: inherit; font-weight: bold;\">2018 ~<\/span><a style=\"box-sizing: inherit; -webkit-box-shadow: #0f0f0f 0px -1px 0px inset; box-shadow: #0f0f0f 0px -1px 0px inset;\" href=\"http:\/\/2018.doktagung.de\/\" target=\"_blank\" rel=\"noreferrer noopener\" aria-label=\" (\u00f6ffnet in neuem Tab)\">13. dgv-Doktorand*innentagung<\/a>\u00a0in Freiburg im Breisgau,\u00a0<\/p><p style=\"box-sizing: inherit;\"><span style=\"box-sizing: inherit; font-weight: bold;\">2017 ~<\/span>\u00a0<a style=\"box-sizing: inherit; -webkit-box-shadow: #0f0f0f 0px -1px 0px inset; box-shadow: #0f0f0f 0px -1px 0px inset;\" href=\"http:\/\/2017.doktagung.de\/\" target=\"_blank\" rel=\"noreferrer noopener\" aria-label=\" (\u00f6ffnet in neuem Tab)\">12. dgv-Doktorand*innentagung<\/a>\u00a0in T\u00fcbingen,<\/p><p style=\"box-sizing: inherit;\"><span style=\"box-sizing: inherit; font-weight: bold;\">2016 ~<\/span>\u00a0<a style=\"box-sizing: inherit; -webkit-box-shadow: #0f0f0f 0px -1px 0px inset; box-shadow: #0f0f0f 0px -1px 0px inset;\" href=\"http:\/\/2016.doktagung.de\/\" target=\"_blank\" rel=\"noreferrer noopener\" aria-label=\" (\u00f6ffnet in neuem Tab)\">11. dgv-Doktorand*innentagung<\/a>\u00a0in Augsburg,<\/p><p style=\"box-sizing: inherit;\"><span style=\"box-sizing: inherit; font-weight: bold;\">2015 ~<\/span>\u00a0<a style=\"box-sizing: inherit; -webkit-box-shadow: #0f0f0f 0px -1px 0px inset; box-shadow: #0f0f0f 0px -1px 0px inset;\" href=\"http:\/\/2015.doktagung.de\/\" target=\"_blank\" rel=\"noreferrer noopener\" aria-label=\" (\u00f6ffnet in neuem Tab)\">10. dgv-Doktorand*innentagung<\/a>\u00a0 in Hamburg,<\/p><p style=\"box-sizing: inherit;\"><span style=\"box-sizing: inherit; font-weight: bold;\">2014 ~<\/span>\u00a0<a style=\"box-sizing: inherit; -webkit-box-shadow: #0f0f0f 0px -1px 0px inset; box-shadow: #0f0f0f 0px -1px 0px inset;\" href=\"http:\/\/doktagung2014.blogspot.de\/\">9. dgv-<\/a><a style=\"box-sizing: inherit; -webkit-box-shadow: #0f0f0f 0px -1px 0px inset; box-shadow: #0f0f0f 0px -1px 0px inset;\" href=\"http:\/\/doktagung2014.blogspot.de\/\" target=\"_blank\" rel=\"noreferrer noopener\" aria-label=\"Doktorand (\u00f6ffnet in neuem Tab)\">Doktorand<\/a><a style=\"box-sizing: inherit; -webkit-box-shadow: #0f0f0f 0px -1px 0px inset; box-shadow: #0f0f0f 0px -1px 0px inset;\" href=\"http:\/\/doktagung2014.blogspot.de\/\">*innentagung<\/a>\u00a0in Regensburg,<\/p><p style=\"box-sizing: inherit;\"><span style=\"box-sizing: inherit; font-weight: bold;\">2013 ~<\/span>\u00a0<a style=\"box-sizing: inherit; -webkit-box-shadow: #0f0f0f 0px -1px 0px inset; box-shadow: #0f0f0f 0px -1px 0px inset;\" href=\"https:\/\/doktagung2013.blogspot.de\/\" target=\"_blank\" rel=\"noreferrer noopener\" aria-label=\" (\u00f6ffnet in neuem Tab)\">8. dgv-Doktorand*innentagung<\/a>\u00a0in Graz \u2026<\/p><\/div><\/div>\n\t\t\t\t<\/div>\n\t\t\t\t<\/div>\n\t\t\t\t\t\t<\/div>\n\t\t\t\t\t<\/div>\n\t\t<\/div>\n\t\t\t\t\t\t\t\t<\/div>\n\t\t\t\t\t<\/div>\n\t\t<\/section>\n\t\t\t\t\t\t<\/div>\n\t\t\t\t\t\t<\/div>\n\t\t\t\t\t<\/div>\n\t\t","protected":false},"excerpt":{"rendered":"<p>Archiv Archiv: Die Promovierenden des Vielnamenfaches Kulturanthropologie\/Europ\u00e4ische Ethnologie\/Empirische Kulturwissenschaften\/Volkskunde\/etc. k\u00f6nnen bereits auf zahlreiche fr\u00fchere dgv-Doktorand*innen-Tagungen zur\u00fcck blicken: 2019 ~14. dgv-Doktorand*innentagung in Innsbruck und Obergurgl 2018 ~13. dgv-Doktorand*innentagung&nbsp;in Freiburg im Breisgau,&nbsp; 2017 ~&nbsp;12. dgv-Doktorand*innentagung&nbsp;in T\u00fcbingen, 2016 ~&nbsp;11. dgv-Doktorand*innentagung&nbsp;in Augsburg, 2015 ~&nbsp;10. dgv-Doktorand*innentagung&nbsp; in Hamburg, 2014 ~&nbsp;9. dgv-Doktorand*innentagung&nbsp;in Regensburg, 2013 ~&nbsp;8. dgv-Doktorand*innentagung&nbsp;in Graz \u2026<\/p>\n","protected":false},"author":2,"featured_media":0,"parent":0,"menu_order":0,"comment_status":"closed","ping_status":"closed","template":"","meta":[],"yoast_head":"<!-- This site is optimized with the Yoast SEO plugin v15.9.1 - https:\/\/yoast.com\/wordpress\/plugins\/seo\/ -->\n<title>Archiv - 15. Doktorand*innentagung<\/title>\n<meta name=\"robots\" content=\"index, follow, max-snippet:-1, max-image-preview:large, max-video-preview:-1\" \/>\n<link rel=\"canonical\" href=\"https:\/\/2020.doktagung.de\/?page_id=49\" \/>\n<meta property=\"og:locale\" content=\"de_DE\" \/>\n<meta property=\"og:type\" content=\"article\" \/>\n<meta property=\"og:title\" content=\"Archiv - 15. Doktorand*innentagung\" \/>\n<meta property=\"og:description\" content=\"Archiv Archiv: Die Promovierenden des Vielnamenfaches Kulturanthropologie\/Europ\u00e4ische Ethnologie\/Empirische Kulturwissenschaften\/Volkskunde\/etc. k\u00f6nnen bereits auf zahlreiche fr\u00fchere dgv-Doktorand*innen-Tagungen zur\u00fcck blicken: 2019 ~14. dgv-Doktorand*innentagung in Innsbruck und Obergurgl 2018 ~13. dgv-Doktorand*innentagung&nbsp;in Freiburg im Breisgau,&nbsp; 2017 ~&nbsp;12. dgv-Doktorand*innentagung&nbsp;in T\u00fcbingen, 2016 ~&nbsp;11. dgv-Doktorand*innentagung&nbsp;in Augsburg, 2015 ~&nbsp;10. dgv-Doktorand*innentagung&nbsp; in Hamburg, 2014 ~&nbsp;9. dgv-Doktorand*innentagung&nbsp;in Regensburg, 2013 ~&nbsp;8. dgv-Doktorand*innentagung&nbsp;in Graz \u2026\" \/>\n<meta property=\"og:url\" content=\"https:\/\/2020.doktagung.de\/?page_id=49\" \/>\n<meta property=\"og:site_name\" content=\"15. Doktorand*innentagung\" \/>\n<meta property=\"article:modified_time\" content=\"2021-04-07T15:25:44+00:00\" \/>\n<meta name=\"twitter:card\" content=\"summary_large_image\" \/>\n<meta name=\"twitter:label1\" content=\"Gesch\u00e4tzte Lesezeit\">\n\t<meta name=\"twitter:data1\" content=\"1\u00a0Minute\">\n<script type=\"application\/ld+json\" class=\"yoast-schema-graph\">{\"@context\":\"https:\/\/schema.org\",\"@graph\":[{\"@type\":\"WebSite\",\"@id\":\"https:\/\/2020.doktagung.de\/#website\",\"url\":\"https:\/\/2020.doktagung.de\/\",\"name\":\"15. Doktorand*innentagung\",\"description\":\"\",\"potentialAction\":[{\"@type\":\"SearchAction\",\"target\":\"https:\/\/2020.doktagung.de\/?s={search_term_string}\",\"query-input\":\"required name=search_term_string\"}],\"inLanguage\":\"de\"},{\"@type\":\"WebPage\",\"@id\":\"https:\/\/2020.doktagung.de\/?page_id=49#webpage\",\"url\":\"https:\/\/2020.doktagung.de\/?page_id=49\",\"name\":\"Archiv - 15. Doktorand*innentagung\",\"isPartOf\":{\"@id\":\"https:\/\/2020.doktagung.de\/#website\"},\"datePublished\":\"2020-04-10T18:11:40+00:00\",\"dateModified\":\"2021-04-07T15:25:44+00:00\",\"breadcrumb\":{\"@id\":\"https:\/\/2020.doktagung.de\/?page_id=49#breadcrumb\"},\"inLanguage\":\"de\",\"potentialAction\":[{\"@type\":\"ReadAction\",\"target\":[\"https:\/\/2020.doktagung.de\/?page_id=49\"]}]},{\"@type\":\"BreadcrumbList\",\"@id\":\"https:\/\/2020.doktagung.de\/?page_id=49#breadcrumb\",\"itemListElement\":[{\"@type\":\"ListItem\",\"position\":1,\"item\":{\"@type\":\"WebPage\",\"@id\":\"https:\/\/2020.doktagung.de\/\",\"url\":\"https:\/\/2020.doktagung.de\/\",\"name\":\"Home\"}},{\"@type\":\"ListItem\",\"position\":2,\"item\":{\"@type\":\"WebPage\",\"@id\":\"https:\/\/2020.doktagung.de\/?page_id=49\",\"url\":\"https:\/\/2020.doktagung.de\/?page_id=49\",\"name\":\"Archiv\"}}]}]}<\/script>\n<!-- \/ Yoast SEO plugin. -->","_links":{"self":[{"href":"https:\/\/2020.doktagung.de\/index.php?rest_route=\/wp\/v2\/pages\/49"}],"collection":[{"href":"https:\/\/2020.doktagung.de\/index.php?rest_route=\/wp\/v2\/pages"}],"about":[{"href":"https:\/\/2020.doktagung.de\/index.php?rest_route=\/wp\/v2\/types\/page"}],"author":[{"embeddable":true,"href":"https:\/\/2020.doktagung.de\/index.php?rest_route=\/wp\/v2\/users\/2"}],"replies":[{"embeddable":true,"href":"https:\/\/2020.doktagung.de\/index.php?rest_route=%2Fwp%2Fv2%2Fcomments&post=49"}],"version-history":[{"count":13,"href":"https:\/\/2020.doktagung.de\/index.php?rest_route=\/wp\/v2\/pages\/49\/revisions"}],"predecessor-version":[{"id":434,"href":"https:\/\/2020.doktagung.de\/index.php?rest_route=\/wp\/v2\/pages\/49\/revisions\/434"}],"wp:attachment":[{"href":"https:\/\/2020.doktagung.de\/index.php?rest_route=%2Fwp%2Fv2%2Fmedia&parent=49"}],"curies":[{"name":"wp","href":"https:\/\/api.w.org\/{rel}","templated":true}]}}